{"id":93,"date":"2023-08-15T13:27:37","date_gmt":"2023-08-15T11:27:37","guid":{"rendered":"https:\/\/dopamine.investments\/?page_id=93"},"modified":"2025-08-07T16:34:20","modified_gmt":"2025-08-07T14:34:20","slug":"blog","status":"publish","type":"page","link":"https:\/\/dopamine.investments\/en\/blog\/","title":{"rendered":"Blog"},"content":{"rendered":"\t\t<div data-elementor-type=\"wp-page\" data-elementor-id=\"93\" class=\"elementor elementor-93\" data-elementor-post-type=\"page\">\n\t\t\t\t<div class=\"elementor-element elementor-element-780e070 e-flex e-con-boxed e-con e-parent\" data-id=\"780e070\" data-element_type=\"container\" data-e-type=\"container\">\n\t\t\t\t\t<div class=\"e-con-inner\">\n\t\t<div class=\"elementor-element elementor-element-42a8358 e-con-full e-flex e-con e-child\" data-id=\"42a8358\" data-element_type=\"container\" data-e-type=\"container\">\n\t\t\t\t<div class=\"elementor-element elementor-element-8339817 elementor-widget elementor-widget-heading\" data-id=\"8339817\" data-element_type=\"widget\" data-e-type=\"widget\" data-widget_type=\"heading.default\">\n\t\t\t\t<div class=\"elementor-widget-container\">\n\t\t\t\t\t<h2 class=\"elementor-heading-title elementor-size-default\">We write for you<\/h2>\t\t\t\t<\/div>\n\t\t\t\t<\/div>\n\t\t\t\t<div class=\"elementor-element elementor-element-4141039 elementor-grid-3 elementor-grid-tablet-2 elementor-grid-mobile-1 elementor-posts--thumbnail-top elementor-card-shadow-yes elementor-posts__hover-gradient elementor-widget elementor-widget-posts\" data-id=\"4141039\" data-element_type=\"widget\" data-e-type=\"widget\" data-settings=\"{&quot;cards_columns&quot;:&quot;3&quot;,&quot;cards_columns_tablet&quot;:&quot;2&quot;,&quot;cards_columns_mobile&quot;:&quot;1&quot;,&quot;cards_row_gap&quot;:{&quot;unit&quot;:&quot;px&quot;,&quot;size&quot;:35,&quot;sizes&quot;:[]},&quot;cards_row_gap_tablet&quot;:{&quot;unit&quot;:&quot;px&quot;,&quot;size&quot;:&quot;&quot;,&quot;sizes&quot;:[]},&quot;cards_row_gap_mobile&quot;:{&quot;unit&quot;:&quot;px&quot;,&quot;size&quot;:&quot;&quot;,&quot;sizes&quot;:[]}}\" data-widget_type=\"posts.cards\">\n\t\t\t\t<div class=\"elementor-widget-container\">\n\t\t\t\t\t\t\t<div class=\"elementor-posts-container elementor-posts elementor-posts--skin-cards elementor-grid\" role=\"list\">\n\t\t\t\t<article class=\"elementor-post elementor-grid-item post-1662 post type-post status-publish format-standard has-post-thumbnail hentry category-fund-reports\" role=\"listitem\">\n\t\t\t<div class=\"elementor-post__card\">\n\t\t\t\t<a class=\"elementor-post__thumbnail__link\" href=\"https:\/\/dopamine.investments\/en\/market-outlook-2025\/\" tabindex=\"-1\"><div class=\"elementor-post__thumbnail\"><img fetchpriority=\"high\" decoding=\"async\" width=\"768\" height=\"432\" src=\"https:\/\/dopamine.investments\/wp-content\/uploads\/2026\/01\/Dopamine-MARKET-OUTLOOK-2025-768x432.png\" class=\"attachment-medium_large size-medium_large wp-image-1663\" alt=\"\" srcset=\"https:\/\/dopamine.investments\/wp-content\/uploads\/2026\/01\/Dopamine-MARKET-OUTLOOK-2025-768x432.png 768w, https:\/\/dopamine.investments\/wp-content\/uploads\/2026\/01\/Dopamine-MARKET-OUTLOOK-2025-300x169.png 300w, https:\/\/dopamine.investments\/wp-content\/uploads\/2026\/01\/Dopamine-MARKET-OUTLOOK-2025-1024x576.png 1024w, https:\/\/dopamine.investments\/wp-content\/uploads\/2026\/01\/Dopamine-MARKET-OUTLOOK-2025-1536x864.png 1536w, https:\/\/dopamine.investments\/wp-content\/uploads\/2026\/01\/Dopamine-MARKET-OUTLOOK-2025.png 1920w\" sizes=\"(max-width: 768px) 100vw, 768px\" \/><\/div><\/a>\n\t\t\t\t<div class=\"elementor-post__text\">\n\t\t\t\t<h3 class=\"elementor-post__title\">\n\t\t\t<a href=\"https:\/\/dopamine.investments\/en\/market-outlook-2025\/\">\n\t\t\t\tMarket Outlook 2025\t\t\t<\/a>\n\t\t<\/h3>\n\t\t\t\t<div class=\"elementor-post__excerpt\">\n\t\t\t<p>The year 2025 was one of the most divided periods in crypto history. At first glance, the situation looks very<\/p>\n\t\t<\/div>\n\t\t\t\t\t<div class=\"elementor-post__read-more-wrapper\">\n\t\t\n\t\t<a class=\"elementor-post__read-more\" href=\"https:\/\/dopamine.investments\/en\/market-outlook-2025\/\" aria-label=\"Read more about Market Outlook 2025\" tabindex=\"-1\">\n\t\t\tRead More \u00bb\t\t<\/a>\n\n\t\t\t\t\t<\/div>\n\t\t\t\t<\/div>\n\t\t\t\t\t<\/div>\n\t\t<\/article>\n\t\t\t\t<article class=\"elementor-post elementor-grid-item post-1562 post type-post status-publish format-standard has-post-thumbnail hentry category-news\" role=\"listitem\">\n\t\t\t<div class=\"elementor-post__card\">\n\t\t\t\t<a class=\"elementor-post__thumbnail__link\" href=\"https:\/\/dopamine.investments\/en\/inside-dopamine-investments-recent-fund-highlights\/\" tabindex=\"-1\"><div class=\"elementor-post__thumbnail\"><img decoding=\"async\" width=\"768\" height=\"432\" src=\"https:\/\/dopamine.investments\/wp-content\/uploads\/2025\/10\/Dopamine-Fund-Inside-768x432.png\" class=\"attachment-medium_large size-medium_large wp-image-1570\" alt=\"\" srcset=\"https:\/\/dopamine.investments\/wp-content\/uploads\/2025\/10\/Dopamine-Fund-Inside-768x432.png 768w, https:\/\/dopamine.investments\/wp-content\/uploads\/2025\/10\/Dopamine-Fund-Inside-300x169.png 300w, https:\/\/dopamine.investments\/wp-content\/uploads\/2025\/10\/Dopamine-Fund-Inside-1024x576.png 1024w, https:\/\/dopamine.investments\/wp-content\/uploads\/2025\/10\/Dopamine-Fund-Inside-1536x864.png 1536w, https:\/\/dopamine.investments\/wp-content\/uploads\/2025\/10\/Dopamine-Fund-Inside.png 1920w\" sizes=\"(max-width: 768px) 100vw, 768px\" \/><\/div><\/a>\n\t\t\t\t<div class=\"elementor-post__text\">\n\t\t\t\t<h3 class=\"elementor-post__title\">\n\t\t\t<a href=\"https:\/\/dopamine.investments\/en\/inside-dopamine-investments-recent-fund-highlights\/\">\n\t\t\t\tInside Dopamine Investments: Recent Fund Highlights\t\t\t<\/a>\n\t\t<\/h3>\n\t\t\t\t<div class=\"elementor-post__excerpt\">\n\t\t\t<p>In September, Dopamine Investments achieved a return of +0.2%, bringing the fund\u2019s total performance since its launch in May 2025<\/p>\n\t\t<\/div>\n\t\t\t\t\t<div class=\"elementor-post__read-more-wrapper\">\n\t\t\n\t\t<a class=\"elementor-post__read-more\" href=\"https:\/\/dopamine.investments\/en\/inside-dopamine-investments-recent-fund-highlights\/\" aria-label=\"Read more about Inside Dopamine Investments: Recent Fund Highlights\" tabindex=\"-1\">\n\t\t\tRead More \u00bb\t\t<\/a>\n\n\t\t\t\t\t<\/div>\n\t\t\t\t<\/div>\n\t\t\t\t\t<\/div>\n\t\t<\/article>\n\t\t\t\t<article class=\"elementor-post elementor-grid-item post-1444 post type-post status-publish format-standard has-post-thumbnail hentry category-fund-reports\" role=\"listitem\">\n\t\t\t<div class=\"elementor-post__card\">\n\t\t\t\t<a class=\"elementor-post__thumbnail__link\" href=\"https:\/\/dopamine.investments\/en\/q2-report-dopamine-investments\/\" tabindex=\"-1\"><div class=\"elementor-post__thumbnail\"><img decoding=\"async\" width=\"768\" height=\"512\" src=\"https:\/\/dopamine.investments\/wp-content\/uploads\/2025\/08\/ChatGPT-Image-2.-8.-2025-21_00_44-768x512.jpg\" class=\"attachment-medium_large size-medium_large wp-image-1404\" alt=\"\" srcset=\"https:\/\/dopamine.investments\/wp-content\/uploads\/2025\/08\/ChatGPT-Image-2.-8.-2025-21_00_44-768x512.jpg 768w, https:\/\/dopamine.investments\/wp-content\/uploads\/2025\/08\/ChatGPT-Image-2.-8.-2025-21_00_44-300x200.jpg 300w, https:\/\/dopamine.investments\/wp-content\/uploads\/2025\/08\/ChatGPT-Image-2.-8.-2025-21_00_44-1024x683.jpg 1024w, https:\/\/dopamine.investments\/wp-content\/uploads\/2025\/08\/ChatGPT-Image-2.-8.-2025-21_00_44.jpg 1536w\" sizes=\"(max-width: 768px) 100vw, 768px\" \/><\/div><\/a>\n\t\t\t\t<div class=\"elementor-post__text\">\n\t\t\t\t<h3 class=\"elementor-post__title\">\n\t\t\t<a href=\"https:\/\/dopamine.investments\/en\/q2-report-dopamine-investments\/\">\n\t\t\t\tQ2 Report \u2013 Dopamine Investments\t\t\t<\/a>\n\t\t<\/h3>\n\t\t\t\t<div class=\"elementor-post__excerpt\">\n\t\t\t<p>Dopamine Investments officially launched on May 1, 2025. By the end of the second quarter, the fund recorded a total<\/p>\n\t\t<\/div>\n\t\t\t\t\t<div class=\"elementor-post__read-more-wrapper\">\n\t\t\n\t\t<a class=\"elementor-post__read-more\" href=\"https:\/\/dopamine.investments\/en\/q2-report-dopamine-investments\/\" aria-label=\"Read more about Q2 Report \u2013 Dopamine Investments\" tabindex=\"-1\">\n\t\t\tRead More \u00bb\t\t<\/a>\n\n\t\t\t\t\t<\/div>\n\t\t\t\t<\/div>\n\t\t\t\t\t<\/div>\n\t\t<\/article>\n\t\t\t\t<article class=\"elementor-post elementor-grid-item post-1382 post type-post status-publish format-standard has-post-thumbnail hentry category-news\" role=\"listitem\">\n\t\t\t<div class=\"elementor-post__card\">\n\t\t\t\t<a class=\"elementor-post__thumbnail__link\" href=\"https:\/\/dopamine.investments\/en\/dopamine-investments-fund-managers-win-wsot-2024\/\" tabindex=\"-1\"><div class=\"elementor-post__thumbnail\"><img loading=\"lazy\" decoding=\"async\" width=\"768\" height=\"432\" src=\"https:\/\/dopamine.investments\/wp-content\/uploads\/2025\/04\/WSOT-768x432.webp\" class=\"attachment-medium_large size-medium_large wp-image-1335\" alt=\"\" srcset=\"https:\/\/dopamine.investments\/wp-content\/uploads\/2025\/04\/WSOT-768x432.webp 768w, https:\/\/dopamine.investments\/wp-content\/uploads\/2025\/04\/WSOT-300x169.webp 300w, https:\/\/dopamine.investments\/wp-content\/uploads\/2025\/04\/WSOT-1024x576.webp 1024w, https:\/\/dopamine.investments\/wp-content\/uploads\/2025\/04\/WSOT-1536x864.webp 1536w, https:\/\/dopamine.investments\/wp-content\/uploads\/2025\/04\/WSOT.webp 1600w\" sizes=\"(max-width: 768px) 100vw, 768px\" \/><\/div><\/a>\n\t\t\t\t<div class=\"elementor-post__text\">\n\t\t\t\t<h3 class=\"elementor-post__title\">\n\t\t\t<a href=\"https:\/\/dopamine.investments\/en\/dopamine-investments-fund-managers-win-wsot-2024\/\">\n\t\t\t\tDopamine Investments Fund Managers Win WSOT 2024\t\t\t<\/a>\n\t\t<\/h3>\n\t\t\t\t<div class=\"elementor-post__excerpt\">\n\t\t\t<p>Fund managers Tom\u00e1\u0161 Pacalt and Roman Panu\u0161ka demonstrated their trading expertise on the global stage at the World Series of<\/p>\n\t\t<\/div>\n\t\t\t\t\t<div class=\"elementor-post__read-more-wrapper\">\n\t\t\n\t\t<a class=\"elementor-post__read-more\" href=\"https:\/\/dopamine.investments\/en\/dopamine-investments-fund-managers-win-wsot-2024\/\" aria-label=\"Read more about Dopamine Investments Fund Managers Win WSOT 2024\" tabindex=\"-1\">\n\t\t\tRead More \u00bb\t\t<\/a>\n\n\t\t\t\t\t<\/div>\n\t\t\t\t<\/div>\n\t\t\t\t\t<\/div>\n\t\t<\/article>\n\t\t\t\t<article class=\"elementor-post elementor-grid-item post-1052 post type-post status-publish format-standard has-post-thumbnail hentry category-market-analysis\" role=\"listitem\">\n\t\t\t<div class=\"elementor-post__card\">\n\t\t\t\t<a class=\"elementor-post__thumbnail__link\" href=\"https:\/\/dopamine.investments\/en\/assessment-of-existing-governance-and-strategies\/\" tabindex=\"-1\"><div class=\"elementor-post__thumbnail\"><img loading=\"lazy\" decoding=\"async\" width=\"768\" height=\"414\" src=\"https:\/\/dopamine.investments\/wp-content\/uploads\/2024\/10\/image-3-768x414.png\" class=\"attachment-medium_large size-medium_large wp-image-1112\" alt=\"\" srcset=\"https:\/\/dopamine.investments\/wp-content\/uploads\/2024\/10\/image-3-768x414.png 768w, https:\/\/dopamine.investments\/wp-content\/uploads\/2024\/10\/image-3-300x162.png 300w, https:\/\/dopamine.investments\/wp-content\/uploads\/2024\/10\/image-3.png 942w\" sizes=\"(max-width: 768px) 100vw, 768px\" \/><\/div><\/a>\n\t\t\t\t<div class=\"elementor-post__text\">\n\t\t\t\t<h3 class=\"elementor-post__title\">\n\t\t\t<a href=\"https:\/\/dopamine.investments\/en\/assessment-of-existing-governance-and-strategies\/\">\n\t\t\t\tEvaluating Our Portfolio Management Results\t\t\t<\/a>\n\t\t<\/h3>\n\t\t\t\t<div class=\"elementor-post__excerpt\">\n\t\t\t<p>Before we launched Dopamine Investments we used our strategy in Apollo Ventures, that transformed into fully regulated Dopamine Investments. The<\/p>\n\t\t<\/div>\n\t\t\t\t\t<div class=\"elementor-post__read-more-wrapper\">\n\t\t\n\t\t<a class=\"elementor-post__read-more\" href=\"https:\/\/dopamine.investments\/en\/assessment-of-existing-governance-and-strategies\/\" aria-label=\"Read more about Evaluating Our Portfolio Management Results\" tabindex=\"-1\">\n\t\t\tRead More \u00bb\t\t<\/a>\n\n\t\t\t\t\t<\/div>\n\t\t\t\t<\/div>\n\t\t\t\t\t<\/div>\n\t\t<\/article>\n\t\t\t\t<article class=\"elementor-post elementor-grid-item post-985 post type-post status-publish format-standard has-post-thumbnail hentry category-news\" role=\"listitem\">\n\t\t\t<div class=\"elementor-post__card\">\n\t\t\t\t<a class=\"elementor-post__thumbnail__link\" href=\"https:\/\/dopamine.investments\/en\/transition-from-an-unregulated-to-a-regulated-fund\/\" tabindex=\"-1\"><div class=\"elementor-post__thumbnail\"><img loading=\"lazy\" decoding=\"async\" width=\"768\" height=\"576\" src=\"https:\/\/dopamine.investments\/wp-content\/uploads\/2024\/09\/B0011226-768x576.jpg\" class=\"attachment-medium_large size-medium_large wp-image-821\" alt=\"\" srcset=\"https:\/\/dopamine.investments\/wp-content\/uploads\/2024\/09\/B0011226-768x576.jpg 768w, https:\/\/dopamine.investments\/wp-content\/uploads\/2024\/09\/B0011226-300x225.jpg 300w, https:\/\/dopamine.investments\/wp-content\/uploads\/2024\/09\/B0011226-1024x768.jpg 1024w, https:\/\/dopamine.investments\/wp-content\/uploads\/2024\/09\/B0011226-1536x1152.jpg 1536w, https:\/\/dopamine.investments\/wp-content\/uploads\/2024\/09\/B0011226-2048x1536.jpg 2048w\" sizes=\"(max-width: 768px) 100vw, 768px\" \/><\/div><\/a>\n\t\t\t\t<div class=\"elementor-post__text\">\n\t\t\t\t<h3 class=\"elementor-post__title\">\n\t\t\t<a href=\"https:\/\/dopamine.investments\/en\/transition-from-an-unregulated-to-a-regulated-fund\/\">\n\t\t\t\tWhy we became fully regulated.\t\t\t<\/a>\n\t\t<\/h3>\n\t\t\t\t<div class=\"elementor-post__excerpt\">\n\t\t\t<p>Several of our investors and people in the digital asset segment have asked why we set up a new regulated<\/p>\n\t\t<\/div>\n\t\t\t\t\t<div class=\"elementor-post__read-more-wrapper\">\n\t\t\n\t\t<a class=\"elementor-post__read-more\" href=\"https:\/\/dopamine.investments\/en\/transition-from-an-unregulated-to-a-regulated-fund\/\" aria-label=\"Read more about Why we became fully regulated.\" tabindex=\"-1\">\n\t\t\tRead More \u00bb\t\t<\/a>\n\n\t\t\t\t\t<\/div>\n\t\t\t\t<\/div>\n\t\t\t\t\t<\/div>\n\t\t<\/article>\n\t\t\t\t<\/div>\n\t\t\n\t\t\t\t\t\t<\/div>\n\t\t\t\t<\/div>\n\t\t\t\t<\/div>\n\t\t\t\t\t<\/div>\n\t\t\t\t<\/div>\n\t\t\t\t<\/div>\n\t\t","protected":false},"excerpt":{"rendered":"<p>We write for you<\/p>\n","protected":false},"author":3,"featured_media":0,"parent":0,"menu_order":0,"comment_status":"closed","ping_status":"closed","template":"","meta":{"footnotes":""},"class_list":["post-93","page","type-page","status-publish","hentry"],"_links":{"self":[{"href":"https:\/\/dopamine.investments\/en\/wp-json\/wp\/v2\/pages\/93","targetHints":{"allow":["GET"]}}],"collection":[{"href":"https:\/\/dopamine.investments\/en\/wp-json\/wp\/v2\/pages"}],"about":[{"href":"https:\/\/dopamine.investments\/en\/wp-json\/wp\/v2\/types\/page"}],"author":[{"embeddable":true,"href":"https:\/\/dopamine.investments\/en\/wp-json\/wp\/v2\/users\/3"}],"replies":[{"embeddable":true,"href":"https:\/\/dopamine.investments\/en\/wp-json\/wp\/v2\/comments?post=93"}],"version-history":[{"count":5,"href":"https:\/\/dopamine.investments\/en\/wp-json\/wp\/v2\/pages\/93\/revisions"}],"predecessor-version":[{"id":1443,"href":"https:\/\/dopamine.investments\/en\/wp-json\/wp\/v2\/pages\/93\/revisions\/1443"}],"wp:attachment":[{"href":"https:\/\/dopamine.investments\/en\/wp-json\/wp\/v2\/media?parent=93"}],"curies":[{"name":"wp","href":"https:\/\/api.w.org\/{rel}","templated":true}]}}